{"id":373,"date":"2021-05-18T09:06:11","date_gmt":"2021-05-18T07:06:11","guid":{"rendered":"https:\/\/egarclima.com\/ingenieria\/"},"modified":"2021-05-19T11:26:52","modified_gmt":"2021-05-19T09:26:52","slug":"enginyeria","status":"publish","type":"page","link":"https:\/\/egarclima.com\/ca\/serveis\/enginyeria\/","title":{"rendered":"Enginyeria"},"content":{"rendered":"\n<style type=\"text\/css\" data-created_by=\"avia_inline_auto\" id=\"style-css-av-av_one_half-79ff81c021393065cee878051452f6a6\">\n.flex_column.av-av_one_half-79ff81c021393065cee878051452f6a6{\n-webkit-border-radius:0px 0px 0px 0px;\n-moz-border-radius:0px 0px 0px 0px;\nborder-radius:0px 0px 0px 0px;\npadding:0px 0px 0px 0px;\n}\n<\/style>\n<div  class='flex_column av-av_one_half-79ff81c021393065cee878051452f6a6 av_one_half  avia-builder-el-0  el_before_av_one_half  avia-builder-el-first  first flex_column_div av-zero-column-padding  '     ><p>\n<style type=\"text\/css\" data-created_by=\"avia_inline_auto\" id=\"style-css-av-kov9gous-6ab4da3619b89c26c71065f923208f12\">\n#top .av-special-heading.av-kov9gous-6ab4da3619b89c26c71065f923208f12{\npadding-bottom:10px;\n}\nbody .av-special-heading.av-kov9gous-6ab4da3619b89c26c71065f923208f12 .av-special-heading-tag .heading-char{\nfont-size:25px;\n}\n.av-special-heading.av-kov9gous-6ab4da3619b89c26c71065f923208f12 .av-subheading{\nfont-size:15px;\n}\n<\/style>\n<div  class='av-special-heading av-kov9gous-6ab4da3619b89c26c71065f923208f12 av-special-heading-h1  avia-builder-el-1  el_before_av_textblock  avia-builder-el-first '><h1 class='av-special-heading-tag'  itemprop=\"headline\"  >Enginyeria<\/h1><div class=\"special-heading-border\"><div class=\"special-heading-inner-border\"><\/div><\/div><\/div><br \/>\n<section  class='av_textblock_section av-kotpm59g-2a3726292d1433c967049f79bf917ee8 '   itemscope=\"itemscope\" itemtype=\"https:\/\/schema.org\/CreativeWork\" ><div class='avia_textblock'  itemprop=\"text\" ><p>Egarclima disposa d&#8217;un departament d&#8217;enginyeria, que s&#8217;encarregar\u00e0 de realitzar qualsevol estudi, projecte, legalitzaci\u00f3 o direcci\u00f3 d&#8217;obra. Lliurant als seus clients tota la documentaci\u00f3 necess\u00e0ria per tenir al dia, les seves instal\u00b7lacions.<\/p>\n<p>Tamb\u00e9 realitzem informes de auditories d&#8217;instal\u00b7lacions de climatitzaci\u00f3, ventilaci\u00f3, contraincendios, electricitat, lampisteria, calefacci\u00f3 i refrigeraci\u00f3 industrial.<\/p>\n<\/div><\/section><\/p><\/div>\n<style type=\"text\/css\" data-created_by=\"avia_inline_auto\" id=\"style-css-av-av_one_half-49f6e875884219cf77c24341e550af53\">\n.flex_column.av-av_one_half-49f6e875884219cf77c24341e550af53{\n-webkit-border-radius:0px 0px 0px 0px;\n-moz-border-radius:0px 0px 0px 0px;\nborder-radius:0px 0px 0px 0px;\npadding:0px 0px 0px 0px;\n}\n<\/style>\n<div  class='flex_column av-av_one_half-49f6e875884219cf77c24341e550af53 av_one_half  avia-builder-el-3  el_after_av_one_half  el_before_av_two_third  flex_column_div av-zero-column-padding  '     ><style type=\"text\/css\" data-created_by=\"avia_inline_auto\" id=\"style-css-av-kotpz8hc-dd9c2d259d8b49049577cfef9cceec6d\">\n.avia-image-container.av-kotpz8hc-dd9c2d259d8b49049577cfef9cceec6d img.avia_image{\nbox-shadow:none;\n}\n.avia-image-container.av-kotpz8hc-dd9c2d259d8b49049577cfef9cceec6d .av-image-caption-overlay-center{\ncolor:#ffffff;\n}\n<\/style>\n<div  class='avia-image-container av-kotpz8hc-dd9c2d259d8b49049577cfef9cceec6d av-styling- avia-align-center  avia-builder-el-4  avia-builder-el-no-sibling '   itemprop=\"image\" itemscope=\"itemscope\" itemtype=\"https:\/\/schema.org\/ImageObject\" ><div class=\"avia-image-container-inner\"><div class=\"avia-image-overlay-wrap\"><img decoding=\"async\" class='wp-image-374 avia-img-lazy-loading-not-374 avia_image ' src=\"https:\/\/egarclima.com\/wp-content\/uploads\/2021\/05\/ingenieria1_330184625.jpg\" alt='' title=''  height=\"500\" width=\"800\"  itemprop=\"thumbnailUrl\" srcset=\"https:\/\/egarclima.com\/wp-content\/uploads\/2021\/05\/ingenieria1_330184625.jpg 800w, https:\/\/egarclima.com\/wp-content\/uploads\/2021\/05\/ingenieria1_330184625-300x188.jpg 300w, https:\/\/egarclima.com\/wp-content\/uploads\/2021\/05\/ingenieria1_330184625-768x480.jpg 768w, https:\/\/egarclima.com\/wp-content\/uploads\/2021\/05\/ingenieria1_330184625-705x441.jpg 705w\" sizes=\"(max-width: 800px) 100vw, 800px\" \/><\/div><\/div><\/div><\/div><\/p>\n\n<style type=\"text\/css\" data-created_by=\"avia_inline_auto\" id=\"style-css-av-av_two_third-79ff81c021393065cee878051452f6a6\">\n.flex_column.av-av_two_third-79ff81c021393065cee878051452f6a6{\n-webkit-border-radius:0px 0px 0px 0px;\n-moz-border-radius:0px 0px 0px 0px;\nborder-radius:0px 0px 0px 0px;\npadding:0px 0px 0px 0px;\n}\n<\/style>\n<div  class='flex_column av-av_two_third-79ff81c021393065cee878051452f6a6 av_two_third  avia-builder-el-5  el_after_av_one_half  el_before_av_one_third  first flex_column_div av-zero-column-padding  column-top-margin'     ><section  class='av_textblock_section av-kotpmlez-ab2ecd27473c64db6592dd0f47b51340 '   itemscope=\"itemscope\" itemtype=\"https:\/\/schema.org\/CreativeWork\" ><div class='avia_textblock'  itemprop=\"text\" ><div class=\"call-to-action__text\">\n<div class=\"call-to-action__text\">\n<h4 class=\"call-to-action__title\">Necessites un professional que t&#8217;assessori sobre els nostres serveis?<\/h4>\n<p class=\"call-to-action__subtitle hidden-xs\">Contacta amb nosaltres i t&#8217;informarem sense comprom\u00eds.<\/p>\n<\/div>\n<\/div>\n<\/div><\/section><\/div>\n\n<style type=\"text\/css\" data-created_by=\"avia_inline_auto\" id=\"style-css-av-av_one_third-49f6e875884219cf77c24341e550af53\">\n.flex_column.av-av_one_third-49f6e875884219cf77c24341e550af53{\n-webkit-border-radius:0px 0px 0px 0px;\n-moz-border-radius:0px 0px 0px 0px;\nborder-radius:0px 0px 0px 0px;\npadding:0px 0px 0px 0px;\n}\n<\/style>\n<div  class='flex_column av-av_one_third-49f6e875884219cf77c24341e550af53 av_one_third  avia-builder-el-7  el_after_av_two_third  avia-builder-el-last  flex_column_div av-zero-column-padding  column-top-margin'     ><div  class='avia-button-wrap av-kotpn3wm-15bb0b28384935f800c154b859cb395a-wrap avia-button-center  avia-builder-el-8  avia-builder-el-no-sibling '><a href='https:\/\/egarclima.com\/ca\/contacte\/'  class='avia-button av-kotpn3wm-15bb0b28384935f800c154b859cb395a avia-icon_select-no avia-size-large avia-position-center avia-color-theme-color'  ><span class='avia_iconbox_title' >Contacta\u2019ns<\/span><\/a><\/div><\/div>\n","protected":false},"excerpt":{"rendered":"","protected":false},"author":1,"featured_media":0,"parent":386,"menu_order":240,"comment_status":"closed","ping_status":"closed","template":"","meta":[],"yoast_head":"<!-- This site is optimized with the Yoast SEO plugin v20.9 - https:\/\/yoast.com\/wordpress\/plugins\/seo\/ -->\n<title>Enginyeria - EGARCLIMA<\/title>\n<meta name=\"description\" content=\"Egarclima disposa d\u2019un departament d\u2019enginyeria, que s\u2019encarregar\u00e0 de realitzar qualsevol estudi, projecte, legalitzaci\u00f3 o direcci\u00f3 d\u2019obra\" \/>\n<meta name=\"robots\" content=\"index, follow, max-snippet:-1, max-image-preview:large, max-video-preview:-1\" \/>\n<link rel=\"canonical\" href=\"https:\/\/egarclima.com\/ca\/serveis\/enginyeria\/\" \/>\n<meta name=\"twitter:label1\" content=\"Temps estimat de lectura\" \/>\n\t<meta name=\"twitter:data1\" content=\"4 minuts\" \/>\n<script type=\"application\/ld+json\" class=\"yoast-schema-graph\">{\"@context\":\"https:\/\/schema.org\",\"@graph\":[{\"@type\":\"WebPage\",\"@id\":\"https:\/\/egarclima.com\/ca\/serveis\/enginyeria\/\",\"url\":\"https:\/\/egarclima.com\/ca\/serveis\/enginyeria\/\",\"name\":\"Enginyeria - EGARCLIMA\",\"isPartOf\":{\"@id\":\"https:\/\/egarclima.com\/#website\"},\"datePublished\":\"2021-05-18T07:06:11+00:00\",\"dateModified\":\"2021-05-19T09:26:52+00:00\",\"description\":\"Egarclima disposa d\u2019un departament d\u2019enginyeria, que s\u2019encarregar\u00e0 de realitzar qualsevol estudi, projecte, legalitzaci\u00f3 o direcci\u00f3 d\u2019obra\",\"breadcrumb\":{\"@id\":\"https:\/\/egarclima.com\/ca\/serveis\/enginyeria\/#breadcrumb\"},\"inLanguage\":\"ca\",\"potentialAction\":[{\"@type\":\"ReadAction\",\"target\":[\"https:\/\/egarclima.com\/ca\/serveis\/enginyeria\/\"]}]},{\"@type\":\"BreadcrumbList\",\"@id\":\"https:\/\/egarclima.com\/ca\/serveis\/enginyeria\/#breadcrumb\",\"itemListElement\":[{\"@type\":\"ListItem\",\"position\":1,\"name\":\"Portada\",\"item\":\"https:\/\/egarclima.com\/ca\/\"},{\"@type\":\"ListItem\",\"position\":2,\"name\":\"Serveis\",\"item\":\"https:\/\/egarclima.com\/ca\/serveis\/\"},{\"@type\":\"ListItem\",\"position\":3,\"name\":\"Enginyeria\"}]},{\"@type\":\"WebSite\",\"@id\":\"https:\/\/egarclima.com\/#website\",\"url\":\"https:\/\/egarclima.com\/\",\"name\":\"EGARCLIMA\",\"description\":\"EGARCLIMA\",\"potentialAction\":[{\"@type\":\"SearchAction\",\"target\":{\"@type\":\"EntryPoint\",\"urlTemplate\":\"https:\/\/egarclima.com\/?s={search_term_string}\"},\"query-input\":\"required name=search_term_string\"}],\"inLanguage\":\"ca\"}]}<\/script>\n<!-- \/ Yoast SEO plugin. -->","yoast_head_json":{"title":"Enginyeria - EGARCLIMA","description":"Egarclima disposa d\u2019un departament d\u2019enginyeria, que s\u2019encarregar\u00e0 de realitzar qualsevol estudi, projecte, legalitzaci\u00f3 o direcci\u00f3 d\u2019obra","robots":{"index":"index","follow":"follow","max-snippet":"max-snippet:-1","max-image-preview":"max-image-preview:large","max-video-preview":"max-video-preview:-1"},"canonical":"https:\/\/egarclima.com\/ca\/serveis\/enginyeria\/","twitter_misc":{"Temps estimat de lectura":"4 minuts"},"schema":{"@context":"https:\/\/schema.org","@graph":[{"@type":"WebPage","@id":"https:\/\/egarclima.com\/ca\/serveis\/enginyeria\/","url":"https:\/\/egarclima.com\/ca\/serveis\/enginyeria\/","name":"Enginyeria - EGARCLIMA","isPartOf":{"@id":"https:\/\/egarclima.com\/#website"},"datePublished":"2021-05-18T07:06:11+00:00","dateModified":"2021-05-19T09:26:52+00:00","description":"Egarclima disposa d\u2019un departament d\u2019enginyeria, que s\u2019encarregar\u00e0 de realitzar qualsevol estudi, projecte, legalitzaci\u00f3 o direcci\u00f3 d\u2019obra","breadcrumb":{"@id":"https:\/\/egarclima.com\/ca\/serveis\/enginyeria\/#breadcrumb"},"inLanguage":"ca","potentialAction":[{"@type":"ReadAction","target":["https:\/\/egarclima.com\/ca\/serveis\/enginyeria\/"]}]},{"@type":"BreadcrumbList","@id":"https:\/\/egarclima.com\/ca\/serveis\/enginyeria\/#breadcrumb","itemListElement":[{"@type":"ListItem","position":1,"name":"Portada","item":"https:\/\/egarclima.com\/ca\/"},{"@type":"ListItem","position":2,"name":"Serveis","item":"https:\/\/egarclima.com\/ca\/serveis\/"},{"@type":"ListItem","position":3,"name":"Enginyeria"}]},{"@type":"WebSite","@id":"https:\/\/egarclima.com\/#website","url":"https:\/\/egarclima.com\/","name":"EGARCLIMA","description":"EGARCLIMA","potentialAction":[{"@type":"SearchAction","target":{"@type":"EntryPoint","urlTemplate":"https:\/\/egarclima.com\/?s={search_term_string}"},"query-input":"required name=search_term_string"}],"inLanguage":"ca"}]}},"_links":{"self":[{"href":"https:\/\/egarclima.com\/ca\/wp-json\/wp\/v2\/pages\/373"}],"collection":[{"href":"https:\/\/egarclima.com\/ca\/wp-json\/wp\/v2\/pages"}],"about":[{"href":"https:\/\/egarclima.com\/ca\/wp-json\/wp\/v2\/types\/page"}],"author":[{"embeddable":true,"href":"https:\/\/egarclima.com\/ca\/wp-json\/wp\/v2\/users\/1"}],"replies":[{"embeddable":true,"href":"https:\/\/egarclima.com\/ca\/wp-json\/wp\/v2\/comments?post=373"}],"version-history":[{"count":7,"href":"https:\/\/egarclima.com\/ca\/wp-json\/wp\/v2\/pages\/373\/revisions"}],"predecessor-version":[{"id":528,"href":"https:\/\/egarclima.com\/ca\/wp-json\/wp\/v2\/pages\/373\/revisions\/528"}],"up":[{"embeddable":true,"href":"https:\/\/egarclima.com\/ca\/wp-json\/wp\/v2\/pages\/386"}],"wp:attachment":[{"href":"https:\/\/egarclima.com\/ca\/wp-json\/wp\/v2\/media?parent=373"}],"curies":[{"name":"wp","href":"https:\/\/api.w.org\/{rel}","templated":true}]}}