{"id":371,"date":"2021-05-18T09:06:13","date_gmt":"2021-05-18T07:06:13","guid":{"rendered":"https:\/\/egarclima.com\/salas-blancas-y-quirofanos\/"},"modified":"2021-05-18T18:27:13","modified_gmt":"2021-05-18T16:27:13","slug":"sales-blanques-i-quirofans","status":"publish","type":"page","link":"https:\/\/egarclima.com\/ca\/serveis\/sales-blanques-i-quirofans\/","title":{"rendered":"Sales blanques i quir\u00f2fans"},"content":{"rendered":"\n<style type=\"text\/css\" data-created_by=\"avia_inline_auto\" id=\"style-css-av-kou91el1-a41418a8a2417687b8878f6b6198cea6\">\n#top .av-special-heading.av-kou91el1-a41418a8a2417687b8878f6b6198cea6{\npadding-bottom:10px;\n}\nbody .av-special-heading.av-kou91el1-a41418a8a2417687b8878f6b6198cea6 .av-special-heading-tag .heading-char{\nfont-size:25px;\n}\n.av-special-heading.av-kou91el1-a41418a8a2417687b8878f6b6198cea6 .av-subheading{\nfont-size:15px;\n}\n<\/style>\n<div  class='av-special-heading av-kou91el1-a41418a8a2417687b8878f6b6198cea6 av-special-heading-h1  avia-builder-el-0  el_before_av_one_half  avia-builder-el-first '><h1 class='av-special-heading-tag'  itemprop=\"headline\"  >Sales blanques i quir\u00f2fans<\/h1><div class=\"special-heading-border\"><div class=\"special-heading-inner-border\"><\/div><\/div><\/div>\n\n<style type=\"text\/css\" data-created_by=\"avia_inline_auto\" id=\"style-css-av-av_one_half-79ff81c021393065cee878051452f6a6\">\n.flex_column.av-av_one_half-79ff81c021393065cee878051452f6a6{\n-webkit-border-radius:0px 0px 0px 0px;\n-moz-border-radius:0px 0px 0px 0px;\nborder-radius:0px 0px 0px 0px;\npadding:0px 0px 0px 0px;\n}\n<\/style>\n<div  class='flex_column av-av_one_half-79ff81c021393065cee878051452f6a6 av_one_half  avia-builder-el-1  el_after_av_heading  el_before_av_one_half  first flex_column_div av-zero-column-padding  '     ><section  class='av_textblock_section av-kotpm59g-2a3726292d1433c967049f79bf917ee8 '   itemscope=\"itemscope\" itemtype=\"https:\/\/schema.org\/CreativeWork\" ><div class='avia_textblock'  itemprop=\"text\" ><p>El nostre Departament de Sales Netes, est\u00e0 creat per respondre a totes les necessitats dels nostres clients. Compost per un equip de professionals, capa\u00e7 de gestionar els m\u00e9s amplis recursos a fi d&#8217;obtenir un resultat \u00f2ptim, realitzem l&#8217;Estudi T\u00e8cnic i el Projecte de la instal\u00b7laci\u00f3.<\/p>\n<p>Les instal\u00b7lacions les duu a terme un equip d&#8217;especialistes, dotats dels mitjans m\u00e9s moderns i amb el seguiment i control dels t\u00e8cnics.<\/p>\n<p>L&#8217;Engegada de tota la Instal\u00b7laci\u00f3, aix\u00ed com la seva posterior validaci\u00f3, es realitza pel nostre personal especialitzat els quals lliuren l&#8217;Informe corresponent, aix\u00ed com el Manual d&#8217;Operaci\u00f3 i Manteniment personalitzat.<\/p>\n<p>Realitzem tot tipus de Sales depenent del sector al que vagi destinada, i classificades segons la Normativa vigent.<\/p>\n<\/div><\/section><\/div>\n<style type=\"text\/css\" data-created_by=\"avia_inline_auto\" id=\"style-css-av-av_one_half-49f6e875884219cf77c24341e550af53\">\n.flex_column.av-av_one_half-49f6e875884219cf77c24341e550af53{\n-webkit-border-radius:0px 0px 0px 0px;\n-moz-border-radius:0px 0px 0px 0px;\nborder-radius:0px 0px 0px 0px;\npadding:0px 0px 0px 0px;\n}\n<\/style>\n<div  class='flex_column av-av_one_half-49f6e875884219cf77c24341e550af53 av_one_half  avia-builder-el-3  el_after_av_one_half  el_before_av_two_third  flex_column_div av-zero-column-padding  '     ><style type=\"text\/css\" data-created_by=\"avia_inline_auto\" id=\"style-css-av-kotpze16-6b231ea5d5f3377b7dae950946b72546\">\n.avia-image-container.av-kotpze16-6b231ea5d5f3377b7dae950946b72546 img.avia_image{\nbox-shadow:none;\n}\n.avia-image-container.av-kotpze16-6b231ea5d5f3377b7dae950946b72546 .av-image-caption-overlay-center{\ncolor:#ffffff;\n}\n<\/style>\n<div  class='avia-image-container av-kotpze16-6b231ea5d5f3377b7dae950946b72546 av-styling- avia-align-center  avia-builder-el-4  avia-builder-el-no-sibling '   itemprop=\"image\" itemscope=\"itemscope\" itemtype=\"https:\/\/schema.org\/ImageObject\" ><div class=\"avia-image-container-inner\"><div class=\"avia-image-overlay-wrap\"><img decoding=\"async\" class='wp-image-372 avia-img-lazy-loading-not-372 avia_image ' src=\"https:\/\/egarclima.com\/wp-content\/uploads\/2021\/05\/salablanca1_309486131.jpg\" alt='' title=''  height=\"500\" width=\"800\"  itemprop=\"thumbnailUrl\" srcset=\"https:\/\/egarclima.com\/wp-content\/uploads\/2021\/05\/salablanca1_309486131.jpg 800w, https:\/\/egarclima.com\/wp-content\/uploads\/2021\/05\/salablanca1_309486131-300x188.jpg 300w, https:\/\/egarclima.com\/wp-content\/uploads\/2021\/05\/salablanca1_309486131-768x480.jpg 768w, https:\/\/egarclima.com\/wp-content\/uploads\/2021\/05\/salablanca1_309486131-705x441.jpg 705w\" sizes=\"(max-width: 800px) 100vw, 800px\" \/><\/div><\/div><\/div><\/div><\/p>\n\n<style type=\"text\/css\" data-created_by=\"avia_inline_auto\" id=\"style-css-av-av_two_third-79ff81c021393065cee878051452f6a6\">\n.flex_column.av-av_two_third-79ff81c021393065cee878051452f6a6{\n-webkit-border-radius:0px 0px 0px 0px;\n-moz-border-radius:0px 0px 0px 0px;\nborder-radius:0px 0px 0px 0px;\npadding:0px 0px 0px 0px;\n}\n<\/style>\n<div  class='flex_column av-av_two_third-79ff81c021393065cee878051452f6a6 av_two_third  avia-builder-el-5  el_after_av_one_half  el_before_av_one_third  first flex_column_div av-zero-column-padding  column-top-margin'     ><section  class='av_textblock_section av-kotpmlez-ab2ecd27473c64db6592dd0f47b51340 '   itemscope=\"itemscope\" itemtype=\"https:\/\/schema.org\/CreativeWork\" ><div class='avia_textblock'  itemprop=\"text\" ><div class=\"call-to-action__text\">\n<div class=\"call-to-action__text\">\n<h4 class=\"call-to-action__title\">Necessites un professional que t&#8217;assessori sobre els nostres serveis?<\/h4>\n<p class=\"call-to-action__subtitle hidden-xs\">Contacta amb nosaltres i t&#8217;informarem sense comprom\u00eds.<\/p>\n<\/div>\n<\/div>\n<\/div><\/section><\/div>\n\n<style type=\"text\/css\" data-created_by=\"avia_inline_auto\" id=\"style-css-av-av_one_third-49f6e875884219cf77c24341e550af53\">\n.flex_column.av-av_one_third-49f6e875884219cf77c24341e550af53{\n-webkit-border-radius:0px 0px 0px 0px;\n-moz-border-radius:0px 0px 0px 0px;\nborder-radius:0px 0px 0px 0px;\npadding:0px 0px 0px 0px;\n}\n<\/style>\n<div  class='flex_column av-av_one_third-49f6e875884219cf77c24341e550af53 av_one_third  avia-builder-el-7  el_after_av_two_third  avia-builder-el-last  flex_column_div av-zero-column-padding  column-top-margin'     ><div  class='avia-button-wrap av-kotpn3wm-15bb0b28384935f800c154b859cb395a-wrap avia-button-center  avia-builder-el-8  avia-builder-el-no-sibling '><a href='https:\/\/egarclima.com\/ca\/contacte\/'  class='avia-button av-kotpn3wm-15bb0b28384935f800c154b859cb395a avia-icon_select-no avia-size-large avia-position-center avia-color-theme-color'  ><span class='avia_iconbox_title' >Contacta\u2019ns<\/span><\/a><\/div><\/div>\n","protected":false},"excerpt":{"rendered":"","protected":false},"author":1,"featured_media":0,"parent":386,"menu_order":250,"comment_status":"closed","ping_status":"closed","template":"","meta":[],"yoast_head":"<!-- This site is optimized with the Yoast SEO plugin v20.9 - https:\/\/yoast.com\/wordpress\/plugins\/seo\/ -->\n<title>Sales blanques i quir\u00f2fans - EGARCLIMA<\/title>\n<meta name=\"description\" content=\"El nostre Departament de Sales Netes, est\u00e0 creat per respondre a totes les necessitats dels nostres clients.\" \/>\n<meta name=\"robots\" content=\"index, follow, max-snippet:-1, max-image-preview:large, max-video-preview:-1\" \/>\n<link rel=\"canonical\" href=\"https:\/\/egarclima.com\/ca\/serveis\/sales-blanques-i-quirofans\/\" \/>\n<meta name=\"twitter:label1\" content=\"Temps estimat de lectura\" \/>\n\t<meta name=\"twitter:data1\" content=\"4 minuts\" \/>\n<script type=\"application\/ld+json\" class=\"yoast-schema-graph\">{\"@context\":\"https:\/\/schema.org\",\"@graph\":[{\"@type\":\"WebPage\",\"@id\":\"https:\/\/egarclima.com\/ca\/serveis\/sales-blanques-i-quirofans\/\",\"url\":\"https:\/\/egarclima.com\/ca\/serveis\/sales-blanques-i-quirofans\/\",\"name\":\"Sales blanques i quir\u00f2fans - EGARCLIMA\",\"isPartOf\":{\"@id\":\"https:\/\/egarclima.com\/#website\"},\"datePublished\":\"2021-05-18T07:06:13+00:00\",\"dateModified\":\"2021-05-18T16:27:13+00:00\",\"description\":\"El nostre Departament de Sales Netes, est\u00e0 creat per respondre a totes les necessitats dels nostres clients.\",\"breadcrumb\":{\"@id\":\"https:\/\/egarclima.com\/ca\/serveis\/sales-blanques-i-quirofans\/#breadcrumb\"},\"inLanguage\":\"ca\",\"potentialAction\":[{\"@type\":\"ReadAction\",\"target\":[\"https:\/\/egarclima.com\/ca\/serveis\/sales-blanques-i-quirofans\/\"]}]},{\"@type\":\"BreadcrumbList\",\"@id\":\"https:\/\/egarclima.com\/ca\/serveis\/sales-blanques-i-quirofans\/#breadcrumb\",\"itemListElement\":[{\"@type\":\"ListItem\",\"position\":1,\"name\":\"Portada\",\"item\":\"https:\/\/egarclima.com\/ca\/\"},{\"@type\":\"ListItem\",\"position\":2,\"name\":\"Serveis\",\"item\":\"https:\/\/egarclima.com\/ca\/serveis\/\"},{\"@type\":\"ListItem\",\"position\":3,\"name\":\"Sales blanques i quir\u00f2fans\"}]},{\"@type\":\"WebSite\",\"@id\":\"https:\/\/egarclima.com\/#website\",\"url\":\"https:\/\/egarclima.com\/\",\"name\":\"EGARCLIMA\",\"description\":\"EGARCLIMA\",\"potentialAction\":[{\"@type\":\"SearchAction\",\"target\":{\"@type\":\"EntryPoint\",\"urlTemplate\":\"https:\/\/egarclima.com\/?s={search_term_string}\"},\"query-input\":\"required name=search_term_string\"}],\"inLanguage\":\"ca\"}]}<\/script>\n<!-- \/ Yoast SEO plugin. -->","yoast_head_json":{"title":"Sales blanques i quir\u00f2fans - EGARCLIMA","description":"El nostre Departament de Sales Netes, est\u00e0 creat per respondre a totes les necessitats dels nostres clients.","robots":{"index":"index","follow":"follow","max-snippet":"max-snippet:-1","max-image-preview":"max-image-preview:large","max-video-preview":"max-video-preview:-1"},"canonical":"https:\/\/egarclima.com\/ca\/serveis\/sales-blanques-i-quirofans\/","twitter_misc":{"Temps estimat de lectura":"4 minuts"},"schema":{"@context":"https:\/\/schema.org","@graph":[{"@type":"WebPage","@id":"https:\/\/egarclima.com\/ca\/serveis\/sales-blanques-i-quirofans\/","url":"https:\/\/egarclima.com\/ca\/serveis\/sales-blanques-i-quirofans\/","name":"Sales blanques i quir\u00f2fans - EGARCLIMA","isPartOf":{"@id":"https:\/\/egarclima.com\/#website"},"datePublished":"2021-05-18T07:06:13+00:00","dateModified":"2021-05-18T16:27:13+00:00","description":"El nostre Departament de Sales Netes, est\u00e0 creat per respondre a totes les necessitats dels nostres clients.","breadcrumb":{"@id":"https:\/\/egarclima.com\/ca\/serveis\/sales-blanques-i-quirofans\/#breadcrumb"},"inLanguage":"ca","potentialAction":[{"@type":"ReadAction","target":["https:\/\/egarclima.com\/ca\/serveis\/sales-blanques-i-quirofans\/"]}]},{"@type":"BreadcrumbList","@id":"https:\/\/egarclima.com\/ca\/serveis\/sales-blanques-i-quirofans\/#breadcrumb","itemListElement":[{"@type":"ListItem","position":1,"name":"Portada","item":"https:\/\/egarclima.com\/ca\/"},{"@type":"ListItem","position":2,"name":"Serveis","item":"https:\/\/egarclima.com\/ca\/serveis\/"},{"@type":"ListItem","position":3,"name":"Sales blanques i quir\u00f2fans"}]},{"@type":"WebSite","@id":"https:\/\/egarclima.com\/#website","url":"https:\/\/egarclima.com\/","name":"EGARCLIMA","description":"EGARCLIMA","potentialAction":[{"@type":"SearchAction","target":{"@type":"EntryPoint","urlTemplate":"https:\/\/egarclima.com\/?s={search_term_string}"},"query-input":"required name=search_term_string"}],"inLanguage":"ca"}]}},"_links":{"self":[{"href":"https:\/\/egarclima.com\/ca\/wp-json\/wp\/v2\/pages\/371"}],"collection":[{"href":"https:\/\/egarclima.com\/ca\/wp-json\/wp\/v2\/pages"}],"about":[{"href":"https:\/\/egarclima.com\/ca\/wp-json\/wp\/v2\/types\/page"}],"author":[{"embeddable":true,"href":"https:\/\/egarclima.com\/ca\/wp-json\/wp\/v2\/users\/1"}],"replies":[{"embeddable":true,"href":"https:\/\/egarclima.com\/ca\/wp-json\/wp\/v2\/comments?post=371"}],"version-history":[{"count":4,"href":"https:\/\/egarclima.com\/ca\/wp-json\/wp\/v2\/pages\/371\/revisions"}],"predecessor-version":[{"id":507,"href":"https:\/\/egarclima.com\/ca\/wp-json\/wp\/v2\/pages\/371\/revisions\/507"}],"up":[{"embeddable":true,"href":"https:\/\/egarclima.com\/ca\/wp-json\/wp\/v2\/pages\/386"}],"wp:attachment":[{"href":"https:\/\/egarclima.com\/ca\/wp-json\/wp\/v2\/media?parent=371"}],"curies":[{"name":"wp","href":"https:\/\/api.w.org\/{rel}","templated":true}]}}