{"id":369,"date":"2021-05-18T09:06:14","date_gmt":"2021-05-18T07:06:14","guid":{"rendered":"https:\/\/egarclima.com\/mantenimientos\/"},"modified":"2021-05-18T18:27:35","modified_gmt":"2021-05-18T16:27:35","slug":"manteniments","status":"publish","type":"page","link":"https:\/\/egarclima.com\/ca\/serveis\/manteniments\/","title":{"rendered":"Manteniments"},"content":{"rendered":"\n<style type=\"text\/css\" data-created_by=\"avia_inline_auto\" id=\"style-css-av-kou91qhp-df0d72e2e3fef7a48aef48367c9db4ca\">\n#top .av-special-heading.av-kou91qhp-df0d72e2e3fef7a48aef48367c9db4ca{\npadding-bottom:10px;\n}\nbody .av-special-heading.av-kou91qhp-df0d72e2e3fef7a48aef48367c9db4ca .av-special-heading-tag .heading-char{\nfont-size:25px;\n}\n.av-special-heading.av-kou91qhp-df0d72e2e3fef7a48aef48367c9db4ca .av-subheading{\nfont-size:15px;\n}\n<\/style>\n<div  class='av-special-heading av-kou91qhp-df0d72e2e3fef7a48aef48367c9db4ca av-special-heading-h1  avia-builder-el-0  el_before_av_one_half  avia-builder-el-first '><h1 class='av-special-heading-tag'  itemprop=\"headline\"  >Manteniments<\/h1><div class=\"special-heading-border\"><div class=\"special-heading-inner-border\"><\/div><\/div><\/div>\n\n<style type=\"text\/css\" data-created_by=\"avia_inline_auto\" id=\"style-css-av-av_one_half-79ff81c021393065cee878051452f6a6\">\n.flex_column.av-av_one_half-79ff81c021393065cee878051452f6a6{\n-webkit-border-radius:0px 0px 0px 0px;\n-moz-border-radius:0px 0px 0px 0px;\nborder-radius:0px 0px 0px 0px;\npadding:0px 0px 0px 0px;\n}\n<\/style>\n<div  class='flex_column av-av_one_half-79ff81c021393065cee878051452f6a6 av_one_half  avia-builder-el-1  el_after_av_heading  el_before_av_one_half  first flex_column_div av-zero-column-padding  '     ><section  class='av_textblock_section av-kotpm59g-2a3726292d1433c967049f79bf917ee8 '   itemscope=\"itemscope\" itemtype=\"https:\/\/schema.org\/CreativeWork\" ><div class='avia_textblock'  itemprop=\"text\" ><p>El primer objectiu del manteniment \u00e9s evitar o mitigar les conseq\u00fc\u00e8ncies de les fallades de l&#8217;equip, aconseguint prevenir les incid\u00e8ncies abans que aquestes ocorrin. Les tasques de manteniment preventiu poden incloure accions com a canvi de peces desgastades, canvis d&#8217;olis i lubrificants, etc. El manteniment preventiu ha d&#8217;evitar les fallades en l&#8217;equip abans que aquests ocorrin.<\/p>\n<p>Alguns dels m\u00e8todes m\u00e9s habituals per determinar que processos de manteniment preventiu han de dur-se a terme s\u00f3n les recomanacions dels fabricants, la legislaci\u00f3 vigent, les recomanacions d&#8217;experts i les accions dutes a terme sobre actius similars.<\/p>\n<p>Egarclima ha apostat fort per aquest departament perqu\u00e8 considerem que \u00e9s de vital import\u00e0ncia. Mostra d&#8217;aix\u00f2 \u00e9s la nostra dilatada experi\u00e8ncia en aquest sector, ja que portem m\u00e9s de 20 anys oferint servei de manteniment als nostres clients. Gr\u00e0cies a aix\u00f2, a dia d&#8217;avui Egarclima s&#8217;ha guanyat la confian\u00e7a d&#8217;empreses i organismes molt importants.<\/p>\n<p>Realitzem manteniments integrals, adaptats a les normatives vigents. Assessorant als nostres clients de possibles millores o modificacions que per normativa o necessitat, pogu\u00e9s haver-hi.<\/p>\n<\/div><\/section><\/div>\n<style type=\"text\/css\" data-created_by=\"avia_inline_auto\" id=\"style-css-av-av_one_half-49f6e875884219cf77c24341e550af53\">\n.flex_column.av-av_one_half-49f6e875884219cf77c24341e550af53{\n-webkit-border-radius:0px 0px 0px 0px;\n-moz-border-radius:0px 0px 0px 0px;\nborder-radius:0px 0px 0px 0px;\npadding:0px 0px 0px 0px;\n}\n<\/style>\n<div  class='flex_column av-av_one_half-49f6e875884219cf77c24341e550af53 av_one_half  avia-builder-el-3  el_after_av_one_half  el_before_av_two_third  flex_column_div av-zero-column-padding  '     ><style type=\"text\/css\" data-created_by=\"avia_inline_auto\" id=\"style-css-av-kotpzl1q-2b2b6938f99d145b331207fbd1016888\">\n.avia-image-container.av-kotpzl1q-2b2b6938f99d145b331207fbd1016888 img.avia_image{\nbox-shadow:none;\n}\n.avia-image-container.av-kotpzl1q-2b2b6938f99d145b331207fbd1016888 .av-image-caption-overlay-center{\ncolor:#ffffff;\n}\n<\/style>\n<div  class='avia-image-container av-kotpzl1q-2b2b6938f99d145b331207fbd1016888 av-styling- avia-align-center  avia-builder-el-4  avia-builder-el-no-sibling '   itemprop=\"image\" itemscope=\"itemscope\" itemtype=\"https:\/\/schema.org\/ImageObject\" ><div class=\"avia-image-container-inner\"><div class=\"avia-image-overlay-wrap\"><img decoding=\"async\" class='wp-image-370 avia-img-lazy-loading-not-370 avia_image ' src=\"https:\/\/egarclima.com\/wp-content\/uploads\/2021\/05\/mantenimiento1_312973130.jpg\" alt='' title=''  height=\"500\" width=\"800\"  itemprop=\"thumbnailUrl\" srcset=\"https:\/\/egarclima.com\/wp-content\/uploads\/2021\/05\/mantenimiento1_312973130.jpg 800w, https:\/\/egarclima.com\/wp-content\/uploads\/2021\/05\/mantenimiento1_312973130-300x188.jpg 300w, https:\/\/egarclima.com\/wp-content\/uploads\/2021\/05\/mantenimiento1_312973130-768x480.jpg 768w, https:\/\/egarclima.com\/wp-content\/uploads\/2021\/05\/mantenimiento1_312973130-705x441.jpg 705w\" sizes=\"(max-width: 800px) 100vw, 800px\" \/><\/div><\/div><\/div><\/div><\/p>\n\n<style type=\"text\/css\" data-created_by=\"avia_inline_auto\" id=\"style-css-av-av_two_third-79ff81c021393065cee878051452f6a6\">\n.flex_column.av-av_two_third-79ff81c021393065cee878051452f6a6{\n-webkit-border-radius:0px 0px 0px 0px;\n-moz-border-radius:0px 0px 0px 0px;\nborder-radius:0px 0px 0px 0px;\npadding:0px 0px 0px 0px;\n}\n<\/style>\n<div  class='flex_column av-av_two_third-79ff81c021393065cee878051452f6a6 av_two_third  avia-builder-el-5  el_after_av_one_half  el_before_av_one_third  first flex_column_div av-zero-column-padding  column-top-margin'     ><section  class='av_textblock_section av-kotpmlez-ab2ecd27473c64db6592dd0f47b51340 '   itemscope=\"itemscope\" itemtype=\"https:\/\/schema.org\/CreativeWork\" ><div class='avia_textblock'  itemprop=\"text\" ><div class=\"call-to-action__text\">\n<div class=\"call-to-action__text\">\n<h4 class=\"call-to-action__title\">Necessites un professional que t&#8217;assessori sobre els nostres serveis?<\/h4>\n<p class=\"call-to-action__subtitle hidden-xs\">Contacta amb nosaltres i t&#8217;informarem sense comprom\u00eds.<\/p>\n<\/div>\n<\/div>\n<\/div><\/section><\/div>\n<style type=\"text\/css\" data-created_by=\"avia_inline_auto\" id=\"style-css-av-av_one_third-49f6e875884219cf77c24341e550af53\">\n.flex_column.av-av_one_third-49f6e875884219cf77c24341e550af53{\n-webkit-border-radius:0px 0px 0px 0px;\n-moz-border-radius:0px 0px 0px 0px;\nborder-radius:0px 0px 0px 0px;\npadding:0px 0px 0px 0px;\n}\n<\/style>\n<div  class='flex_column av-av_one_third-49f6e875884219cf77c24341e550af53 av_one_third  avia-builder-el-7  el_after_av_two_third  avia-builder-el-last  flex_column_div av-zero-column-padding  column-top-margin'     ><div  class='avia-button-wrap av-kotpn3wm-15bb0b28384935f800c154b859cb395a-wrap avia-button-center  avia-builder-el-8  avia-builder-el-no-sibling '><a href='https:\/\/egarclima.com\/ca\/contacte\/'  class='avia-button av-kotpn3wm-15bb0b28384935f800c154b859cb395a avia-icon_select-no avia-size-large avia-position-center avia-color-theme-color'  ><span class='avia_iconbox_title' >Contacta\u2019ns<\/span><\/a><\/div><\/div><\/p>\n","protected":false},"excerpt":{"rendered":"","protected":false},"author":1,"featured_media":0,"parent":386,"menu_order":260,"comment_status":"closed","ping_status":"closed","template":"","meta":[],"yoast_head":"<!-- This site is optimized with the Yoast SEO plugin v20.9 - https:\/\/yoast.com\/wordpress\/plugins\/seo\/ -->\n<title>Manteniments - EGARCLIMA<\/title>\n<meta name=\"description\" content=\"El primer objectiu del manteniment \u00e9s evitar o mitigar les conseq\u00fc\u00e8ncies de les fallades de l\u2019equip, aconseguint prevenir les incid\u00e8ncies abans que aquestes ocorrin.\" \/>\n<meta name=\"robots\" content=\"index, follow, max-snippet:-1, max-image-preview:large, max-video-preview:-1\" \/>\n<link rel=\"canonical\" href=\"https:\/\/egarclima.com\/ca\/serveis\/manteniments\/\" \/>\n<meta name=\"twitter:label1\" content=\"Temps estimat de lectura\" \/>\n\t<meta name=\"twitter:data1\" content=\"5 minuts\" \/>\n<script type=\"application\/ld+json\" class=\"yoast-schema-graph\">{\"@context\":\"https:\/\/schema.org\",\"@graph\":[{\"@type\":\"WebPage\",\"@id\":\"https:\/\/egarclima.com\/ca\/serveis\/manteniments\/\",\"url\":\"https:\/\/egarclima.com\/ca\/serveis\/manteniments\/\",\"name\":\"Manteniments - EGARCLIMA\",\"isPartOf\":{\"@id\":\"https:\/\/egarclima.com\/#website\"},\"datePublished\":\"2021-05-18T07:06:14+00:00\",\"dateModified\":\"2021-05-18T16:27:35+00:00\",\"description\":\"El primer objectiu del manteniment \u00e9s evitar o mitigar les conseq\u00fc\u00e8ncies de les fallades de l\u2019equip, aconseguint prevenir les incid\u00e8ncies abans que aquestes ocorrin.\",\"breadcrumb\":{\"@id\":\"https:\/\/egarclima.com\/ca\/serveis\/manteniments\/#breadcrumb\"},\"inLanguage\":\"ca\",\"potentialAction\":[{\"@type\":\"ReadAction\",\"target\":[\"https:\/\/egarclima.com\/ca\/serveis\/manteniments\/\"]}]},{\"@type\":\"BreadcrumbList\",\"@id\":\"https:\/\/egarclima.com\/ca\/serveis\/manteniments\/#breadcrumb\",\"itemListElement\":[{\"@type\":\"ListItem\",\"position\":1,\"name\":\"Portada\",\"item\":\"https:\/\/egarclima.com\/ca\/\"},{\"@type\":\"ListItem\",\"position\":2,\"name\":\"Serveis\",\"item\":\"https:\/\/egarclima.com\/ca\/serveis\/\"},{\"@type\":\"ListItem\",\"position\":3,\"name\":\"Manteniments\"}]},{\"@type\":\"WebSite\",\"@id\":\"https:\/\/egarclima.com\/#website\",\"url\":\"https:\/\/egarclima.com\/\",\"name\":\"EGARCLIMA\",\"description\":\"EGARCLIMA\",\"potentialAction\":[{\"@type\":\"SearchAction\",\"target\":{\"@type\":\"EntryPoint\",\"urlTemplate\":\"https:\/\/egarclima.com\/?s={search_term_string}\"},\"query-input\":\"required name=search_term_string\"}],\"inLanguage\":\"ca\"}]}<\/script>\n<!-- \/ Yoast SEO plugin. -->","yoast_head_json":{"title":"Manteniments - EGARCLIMA","description":"El primer objectiu del manteniment \u00e9s evitar o mitigar les conseq\u00fc\u00e8ncies de les fallades de l\u2019equip, aconseguint prevenir les incid\u00e8ncies abans que aquestes ocorrin.","robots":{"index":"index","follow":"follow","max-snippet":"max-snippet:-1","max-image-preview":"max-image-preview:large","max-video-preview":"max-video-preview:-1"},"canonical":"https:\/\/egarclima.com\/ca\/serveis\/manteniments\/","twitter_misc":{"Temps estimat de lectura":"5 minuts"},"schema":{"@context":"https:\/\/schema.org","@graph":[{"@type":"WebPage","@id":"https:\/\/egarclima.com\/ca\/serveis\/manteniments\/","url":"https:\/\/egarclima.com\/ca\/serveis\/manteniments\/","name":"Manteniments - EGARCLIMA","isPartOf":{"@id":"https:\/\/egarclima.com\/#website"},"datePublished":"2021-05-18T07:06:14+00:00","dateModified":"2021-05-18T16:27:35+00:00","description":"El primer objectiu del manteniment \u00e9s evitar o mitigar les conseq\u00fc\u00e8ncies de les fallades de l\u2019equip, aconseguint prevenir les incid\u00e8ncies abans que aquestes ocorrin.","breadcrumb":{"@id":"https:\/\/egarclima.com\/ca\/serveis\/manteniments\/#breadcrumb"},"inLanguage":"ca","potentialAction":[{"@type":"ReadAction","target":["https:\/\/egarclima.com\/ca\/serveis\/manteniments\/"]}]},{"@type":"BreadcrumbList","@id":"https:\/\/egarclima.com\/ca\/serveis\/manteniments\/#breadcrumb","itemListElement":[{"@type":"ListItem","position":1,"name":"Portada","item":"https:\/\/egarclima.com\/ca\/"},{"@type":"ListItem","position":2,"name":"Serveis","item":"https:\/\/egarclima.com\/ca\/serveis\/"},{"@type":"ListItem","position":3,"name":"Manteniments"}]},{"@type":"WebSite","@id":"https:\/\/egarclima.com\/#website","url":"https:\/\/egarclima.com\/","name":"EGARCLIMA","description":"EGARCLIMA","potentialAction":[{"@type":"SearchAction","target":{"@type":"EntryPoint","urlTemplate":"https:\/\/egarclima.com\/?s={search_term_string}"},"query-input":"required name=search_term_string"}],"inLanguage":"ca"}]}},"_links":{"self":[{"href":"https:\/\/egarclima.com\/ca\/wp-json\/wp\/v2\/pages\/369"}],"collection":[{"href":"https:\/\/egarclima.com\/ca\/wp-json\/wp\/v2\/pages"}],"about":[{"href":"https:\/\/egarclima.com\/ca\/wp-json\/wp\/v2\/types\/page"}],"author":[{"embeddable":true,"href":"https:\/\/egarclima.com\/ca\/wp-json\/wp\/v2\/users\/1"}],"replies":[{"embeddable":true,"href":"https:\/\/egarclima.com\/ca\/wp-json\/wp\/v2\/comments?post=369"}],"version-history":[{"count":4,"href":"https:\/\/egarclima.com\/ca\/wp-json\/wp\/v2\/pages\/369\/revisions"}],"predecessor-version":[{"id":508,"href":"https:\/\/egarclima.com\/ca\/wp-json\/wp\/v2\/pages\/369\/revisions\/508"}],"up":[{"embeddable":true,"href":"https:\/\/egarclima.com\/ca\/wp-json\/wp\/v2\/pages\/386"}],"wp:attachment":[{"href":"https:\/\/egarclima.com\/ca\/wp-json\/wp\/v2\/media?parent=369"}],"curies":[{"name":"wp","href":"https:\/\/api.w.org\/{rel}","templated":true}]}}